{"id":7974,"date":"2021-04-02T11:19:54","date_gmt":"2021-04-02T09:19:54","guid":{"rendered":"https:\/\/termovent.pl\/b2b\/?post_type=product&#038;p=7974"},"modified":"2025-08-27T15:23:05","modified_gmt":"2025-08-27T13:23:05","slug":"adapter-do-plukania-wymiennika-komplet","status":"publish","type":"product","link":"https:\/\/termovent.pl\/b2b\/katalog\/urzadzenia-do-czyszczenia-i-napelniania\/adapter-do-plukania-wymiennika-komplet\/","title":{"rendered":"Adapter do p\u0142ukania wymiennika &#8211; komplet"},"content":{"rendered":"<p><span style=\"font-size: 16px;\">Adapter do pod\u0142\u0105czenia pompy p\u0142ucz\u0105cej do wymiennika.<\/span><br \/>\n<span style=\"font-size: 16px;\">w komplecie uszczelki oraz \u015bruby mocuj\u0105ce.<\/span><\/p>\n","protected":false},"excerpt":{"rendered":"<p>Adapter do pod\u0142\u0105czenia pompy p\u0142ucz\u0105cej do wymiennika. w komplecie uszczelki oraz \u015bruby mocuj\u0105ce.<\/p>\n","protected":false},"featured_media":7969,"template":"","meta":{"_acf_changed":false},"pwb-brand":[711],"product_brand":[],"product_cat":[648],"product_tag":[],"class_list":{"0":"post-7974","1":"product","2":"type-product","3":"status-publish","4":"has-post-thumbnail","6":"pwb-brand-grupa-termovent","7":"product_cat-urzadzenia-do-czyszczenia-i-napelniania","9":"first","10":"outofstock","11":"taxable","12":"shipping-taxable","13":"purchasable","14":"product-type-simple"},"acf":[],"yoast_head":"<!-- This site is optimized with the Yoast SEO plugin v26.8 - https:\/\/yoast.com\/product\/yoast-seo-wordpress\/ -->\n<title>Adapter do p\u0142ukania wymiennika - komplet - Grupa Termovent Sp. z o.o.<\/title>\n<meta name=\"robots\" content=\"index, follow, max-snippet:-1, max-image-preview:large, max-video-preview:-1\" \/>\n<link rel=\"canonical\" href=\"https:\/\/termovent.pl\/b2b\/katalog\/urzadzenia-do-czyszczenia-i-napelniania\/adapter-do-plukania-wymiennika-komplet\/\" \/>\n<meta property=\"og:locale\" content=\"pl_PL\" \/>\n<meta property=\"og:type\" content=\"article\" \/>\n<meta property=\"og:title\" content=\"Adapter do p\u0142ukania wymiennika - komplet - Grupa Termovent Sp. z o.o.\" \/>\n<meta property=\"og:description\" content=\"Adapter do pod\u0142\u0105czenia pompy p\u0142ucz\u0105cej do wymiennika. w komplecie uszczelki oraz \u015bruby mocuj\u0105ce.\" \/>\n<meta property=\"og:url\" content=\"https:\/\/termovent.pl\/b2b\/katalog\/urzadzenia-do-czyszczenia-i-napelniania\/adapter-do-plukania-wymiennika-komplet\/\" \/>\n<meta property=\"og:site_name\" content=\"Grupa Termovent Sp. z o.o.\" \/>\n<meta property=\"article:modified_time\" content=\"2025-08-27T13:23:05+00:00\" \/>\n<meta property=\"og:image\" content=\"https:\/\/termovent.pl\/b2b\/wp-content\/uploads\/2021\/04\/Adapter_wymiennik_1.jpg\" \/>\n\t<meta property=\"og:image:width\" content=\"900\" \/>\n\t<meta property=\"og:image:height\" content=\"1373\" \/>\n\t<meta property=\"og:image:type\" content=\"image\/jpeg\" \/>\n<meta name=\"twitter:card\" content=\"summary_large_image\" \/>\n<meta name=\"twitter:label1\" content=\"Szacowany czas czytania\" \/>\n\t<meta name=\"twitter:data1\" content=\"1 minuta\" \/>\n<script type=\"application\/ld+json\" class=\"yoast-schema-graph\">{\"@context\":\"https:\/\/schema.org\",\"@graph\":[{\"@type\":\"WebPage\",\"@id\":\"https:\/\/termovent.pl\/b2b\/katalog\/urzadzenia-do-czyszczenia-i-napelniania\/adapter-do-plukania-wymiennika-komplet\/\",\"url\":\"https:\/\/termovent.pl\/b2b\/katalog\/urzadzenia-do-czyszczenia-i-napelniania\/adapter-do-plukania-wymiennika-komplet\/\",\"name\":\"Adapter do p\u0142ukania wymiennika - komplet - Grupa Termovent Sp. z o.o.\",\"isPartOf\":{\"@id\":\"https:\/\/termovent.pl\/b2b\/#website\"},\"primaryImageOfPage\":{\"@id\":\"https:\/\/termovent.pl\/b2b\/katalog\/urzadzenia-do-czyszczenia-i-napelniania\/adapter-do-plukania-wymiennika-komplet\/#primaryimage\"},\"image\":{\"@id\":\"https:\/\/termovent.pl\/b2b\/katalog\/urzadzenia-do-czyszczenia-i-napelniania\/adapter-do-plukania-wymiennika-komplet\/#primaryimage\"},\"thumbnailUrl\":\"https:\/\/termovent.pl\/b2b\/wp-content\/uploads\/2021\/04\/Adapter_wymiennik_1.jpg\",\"datePublished\":\"2021-04-02T09:19:54+00:00\",\"dateModified\":\"2025-08-27T13:23:05+00:00\",\"breadcrumb\":{\"@id\":\"https:\/\/termovent.pl\/b2b\/katalog\/urzadzenia-do-czyszczenia-i-napelniania\/adapter-do-plukania-wymiennika-komplet\/#breadcrumb\"},\"inLanguage\":\"pl-PL\",\"potentialAction\":[{\"@type\":\"ReadAction\",\"target\":[\"https:\/\/termovent.pl\/b2b\/katalog\/urzadzenia-do-czyszczenia-i-napelniania\/adapter-do-plukania-wymiennika-komplet\/\"]}]},{\"@type\":\"ImageObject\",\"inLanguage\":\"pl-PL\",\"@id\":\"https:\/\/termovent.pl\/b2b\/katalog\/urzadzenia-do-czyszczenia-i-napelniania\/adapter-do-plukania-wymiennika-komplet\/#primaryimage\",\"url\":\"https:\/\/termovent.pl\/b2b\/wp-content\/uploads\/2021\/04\/Adapter_wymiennik_1.jpg\",\"contentUrl\":\"https:\/\/termovent.pl\/b2b\/wp-content\/uploads\/2021\/04\/Adapter_wymiennik_1.jpg\",\"width\":900,\"height\":1373},{\"@type\":\"BreadcrumbList\",\"@id\":\"https:\/\/termovent.pl\/b2b\/katalog\/urzadzenia-do-czyszczenia-i-napelniania\/adapter-do-plukania-wymiennika-komplet\/#breadcrumb\",\"itemListElement\":[{\"@type\":\"ListItem\",\"position\":1,\"name\":\"Strona g\u0142\u00f3wna\",\"item\":\"https:\/\/termovent.pl\/b2b\/\"},{\"@type\":\"ListItem\",\"position\":2,\"name\":\"Katalog\",\"item\":\"https:\/\/termovent.pl\/b2b\/katalog\/\"},{\"@type\":\"ListItem\",\"position\":3,\"name\":\"Adapter do p\u0142ukania wymiennika &#8211; komplet\"}]},{\"@type\":\"WebSite\",\"@id\":\"https:\/\/termovent.pl\/b2b\/#website\",\"url\":\"https:\/\/termovent.pl\/b2b\/\",\"name\":\"Grupa Termovent Sp. z o.o.\",\"description\":\"PLATFORMA B2B\",\"publisher\":{\"@id\":\"https:\/\/termovent.pl\/b2b\/#organization\"},\"potentialAction\":[{\"@type\":\"SearchAction\",\"target\":{\"@type\":\"EntryPoint\",\"urlTemplate\":\"https:\/\/termovent.pl\/b2b\/?s={search_term_string}\"},\"query-input\":{\"@type\":\"PropertyValueSpecification\",\"valueRequired\":true,\"valueName\":\"search_term_string\"}}],\"inLanguage\":\"pl-PL\"},{\"@type\":\"Organization\",\"@id\":\"https:\/\/termovent.pl\/b2b\/#organization\",\"name\":\"GrupaTermovent\",\"url\":\"https:\/\/termovent.pl\/b2b\/\",\"logo\":{\"@type\":\"ImageObject\",\"inLanguage\":\"pl-PL\",\"@id\":\"https:\/\/termovent.pl\/b2b\/#\/schema\/logo\/image\/\",\"url\":\"https:\/\/termovent.pl\/b2b\/wp-content\/uploads\/2020\/08\/logo-termovent.png\",\"contentUrl\":\"https:\/\/termovent.pl\/b2b\/wp-content\/uploads\/2020\/08\/logo-termovent.png\",\"width\":401,\"height\":76,\"caption\":\"GrupaTermovent\"},\"image\":{\"@id\":\"https:\/\/termovent.pl\/b2b\/#\/schema\/logo\/image\/\"}}]}<\/script>\n<!-- \/ Yoast SEO plugin. -->","yoast_head_json":{"title":"Adapter do p\u0142ukania wymiennika - komplet - Grupa Termovent Sp. z o.o.","robots":{"index":"index","follow":"follow","max-snippet":"max-snippet:-1","max-image-preview":"max-image-preview:large","max-video-preview":"max-video-preview:-1"},"canonical":"https:\/\/termovent.pl\/b2b\/katalog\/urzadzenia-do-czyszczenia-i-napelniania\/adapter-do-plukania-wymiennika-komplet\/","og_locale":"pl_PL","og_type":"article","og_title":"Adapter do p\u0142ukania wymiennika - komplet - Grupa Termovent Sp. z o.o.","og_description":"Adapter do pod\u0142\u0105czenia pompy p\u0142ucz\u0105cej do wymiennika. w komplecie uszczelki oraz \u015bruby mocuj\u0105ce.","og_url":"https:\/\/termovent.pl\/b2b\/katalog\/urzadzenia-do-czyszczenia-i-napelniania\/adapter-do-plukania-wymiennika-komplet\/","og_site_name":"Grupa Termovent Sp. z o.o.","article_modified_time":"2025-08-27T13:23:05+00:00","og_image":[{"width":900,"height":1373,"url":"https:\/\/termovent.pl\/b2b\/wp-content\/uploads\/2021\/04\/Adapter_wymiennik_1.jpg","type":"image\/jpeg"}],"twitter_card":"summary_large_image","twitter_misc":{"Szacowany czas czytania":"1 minuta"},"schema":{"@context":"https:\/\/schema.org","@graph":[{"@type":"WebPage","@id":"https:\/\/termovent.pl\/b2b\/katalog\/urzadzenia-do-czyszczenia-i-napelniania\/adapter-do-plukania-wymiennika-komplet\/","url":"https:\/\/termovent.pl\/b2b\/katalog\/urzadzenia-do-czyszczenia-i-napelniania\/adapter-do-plukania-wymiennika-komplet\/","name":"Adapter do p\u0142ukania wymiennika - komplet - Grupa Termovent Sp. z o.o.","isPartOf":{"@id":"https:\/\/termovent.pl\/b2b\/#website"},"primaryImageOfPage":{"@id":"https:\/\/termovent.pl\/b2b\/katalog\/urzadzenia-do-czyszczenia-i-napelniania\/adapter-do-plukania-wymiennika-komplet\/#primaryimage"},"image":{"@id":"https:\/\/termovent.pl\/b2b\/katalog\/urzadzenia-do-czyszczenia-i-napelniania\/adapter-do-plukania-wymiennika-komplet\/#primaryimage"},"thumbnailUrl":"https:\/\/termovent.pl\/b2b\/wp-content\/uploads\/2021\/04\/Adapter_wymiennik_1.jpg","datePublished":"2021-04-02T09:19:54+00:00","dateModified":"2025-08-27T13:23:05+00:00","breadcrumb":{"@id":"https:\/\/termovent.pl\/b2b\/katalog\/urzadzenia-do-czyszczenia-i-napelniania\/adapter-do-plukania-wymiennika-komplet\/#breadcrumb"},"inLanguage":"pl-PL","potentialAction":[{"@type":"ReadAction","target":["https:\/\/termovent.pl\/b2b\/katalog\/urzadzenia-do-czyszczenia-i-napelniania\/adapter-do-plukania-wymiennika-komplet\/"]}]},{"@type":"ImageObject","inLanguage":"pl-PL","@id":"https:\/\/termovent.pl\/b2b\/katalog\/urzadzenia-do-czyszczenia-i-napelniania\/adapter-do-plukania-wymiennika-komplet\/#primaryimage","url":"https:\/\/termovent.pl\/b2b\/wp-content\/uploads\/2021\/04\/Adapter_wymiennik_1.jpg","contentUrl":"https:\/\/termovent.pl\/b2b\/wp-content\/uploads\/2021\/04\/Adapter_wymiennik_1.jpg","width":900,"height":1373},{"@type":"BreadcrumbList","@id":"https:\/\/termovent.pl\/b2b\/katalog\/urzadzenia-do-czyszczenia-i-napelniania\/adapter-do-plukania-wymiennika-komplet\/#breadcrumb","itemListElement":[{"@type":"ListItem","position":1,"name":"Strona g\u0142\u00f3wna","item":"https:\/\/termovent.pl\/b2b\/"},{"@type":"ListItem","position":2,"name":"Katalog","item":"https:\/\/termovent.pl\/b2b\/katalog\/"},{"@type":"ListItem","position":3,"name":"Adapter do p\u0142ukania wymiennika &#8211; komplet"}]},{"@type":"WebSite","@id":"https:\/\/termovent.pl\/b2b\/#website","url":"https:\/\/termovent.pl\/b2b\/","name":"Grupa Termovent Sp. z o.o.","description":"PLATFORMA B2B","publisher":{"@id":"https:\/\/termovent.pl\/b2b\/#organization"},"potentialAction":[{"@type":"SearchAction","target":{"@type":"EntryPoint","urlTemplate":"https:\/\/termovent.pl\/b2b\/?s={search_term_string}"},"query-input":{"@type":"PropertyValueSpecification","valueRequired":true,"valueName":"search_term_string"}}],"inLanguage":"pl-PL"},{"@type":"Organization","@id":"https:\/\/termovent.pl\/b2b\/#organization","name":"GrupaTermovent","url":"https:\/\/termovent.pl\/b2b\/","logo":{"@type":"ImageObject","inLanguage":"pl-PL","@id":"https:\/\/termovent.pl\/b2b\/#\/schema\/logo\/image\/","url":"https:\/\/termovent.pl\/b2b\/wp-content\/uploads\/2020\/08\/logo-termovent.png","contentUrl":"https:\/\/termovent.pl\/b2b\/wp-content\/uploads\/2020\/08\/logo-termovent.png","width":401,"height":76,"caption":"GrupaTermovent"},"image":{"@id":"https:\/\/termovent.pl\/b2b\/#\/schema\/logo\/image\/"}}]}},"brands":[{"id":711,"name":"Grupa Termovent","slug":"grupa-termovent"}],"_links":{"self":[{"href":"https:\/\/termovent.pl\/b2b\/wp-json\/wp\/v2\/product\/7974","targetHints":{"allow":["GET"]}}],"collection":[{"href":"https:\/\/termovent.pl\/b2b\/wp-json\/wp\/v2\/product"}],"about":[{"href":"https:\/\/termovent.pl\/b2b\/wp-json\/wp\/v2\/types\/product"}],"wp:featuredmedia":[{"embeddable":true,"href":"https:\/\/termovent.pl\/b2b\/wp-json\/wp\/v2\/media\/7969"}],"wp:attachment":[{"href":"https:\/\/termovent.pl\/b2b\/wp-json\/wp\/v2\/media?parent=7974"}],"wp:term":[{"taxonomy":"pwb-brand","embeddable":true,"href":"https:\/\/termovent.pl\/b2b\/wp-json\/wp\/v2\/pwb-brand?post=7974"},{"taxonomy":"product_brand","embeddable":true,"href":"https:\/\/termovent.pl\/b2b\/wp-json\/wp\/v2\/product_brand?post=7974"},{"taxonomy":"product_cat","embeddable":true,"href":"https:\/\/termovent.pl\/b2b\/wp-json\/wp\/v2\/product_cat?post=7974"},{"taxonomy":"product_tag","embeddable":true,"href":"https:\/\/termovent.pl\/b2b\/wp-json\/wp\/v2\/product_tag?post=7974"}],"curies":[{"name":"wp","href":"https:\/\/api.w.org\/{rel}","templated":true}]}}