{"id":7880,"date":"2021-03-25T15:04:39","date_gmt":"2021-03-25T14:04:39","guid":{"rendered":"https:\/\/termovent.pl\/b2b\/?post_type=product&#038;p=7880"},"modified":"2025-08-18T18:04:25","modified_gmt":"2025-08-18T16:04:25","slug":"zawor-dwudrogowy-gw1xgz1-polsrubunek-z-oringiem-do-sterowania-napedem-elektrycznym","status":"publish","type":"product","link":"https:\/\/termovent.pl\/b2b\/katalog\/rozdzielacze-osprzet\/zawor-dwudrogowy-gw1xgz1-polsrubunek-z-oringiem-do-sterowania-napedem-elektrycznym\/","title":{"rendered":"Zaw\u00f3r dwudrogowy GW1&#8243;xGZ1&#8243; p\u00f3\u0142\u015brubunek, z oringiem do sterowania nap\u0119dem elektrycznym"},"content":{"rendered":"<p>Zaw\u00f3r dwudrogowy PN16 GW1&#8243;xGZ1&#8243; p\u00f3\u0142\u015brubunek, z oringiem do sterowania nap\u0119dem elektrycznym<\/p>\n<p><a href=\"https:\/\/termovent.pl\/b2b\/wp-content\/uploads\/2021\/03\/506211.pdf\" target=\"_blank\" rel=\"noopener\"><img loading=\"lazy\" decoding=\"async\" class=\"alignnone wp-image-3472\" src=\"https:\/\/termovent.pl\/b2b\/wp-content\/uploads\/2020\/09\/PDF-300x300.png\" alt=\"\" width=\"100\" height=\"100\" \/> Instrukcja produktu Zaw\u00f3r dwudrogowy GW1&#8243;xGZ1&#8243; p\u00f3\u0142\u015brubunek, z oringiem do sterowania nap\u0119dem elektrycznym<\/a><\/p>\n<p>Wyprodukowano we W\u0142oszech<\/p>\n<p>Gwarancja producenta: 2 lata<\/p>\n","protected":false},"excerpt":{"rendered":"<p>Zaw\u00f3r dwudrogowy GW1&#8243;xGZ1&#8243; p\u00f3\u0142\u015brubunek, z oringiem do sterowania nap\u0119dem elektrycznym<\/p>\n<p>Zakres temperatur pracy od -10 do 100 stopni C<\/p>\n<p>PN16<\/p>\n<p>Oring z EPDM<\/p>\n<p><strong>Przeznaczony do pracy z nap\u0119dem elektrycznym<\/strong><\/p>\n<p>Wyprodukowano we W\u0142oszech<\/p>\n<p>Gwarancja producenta: 2 lata<\/p>\n","protected":false},"featured_media":8341,"template":"","meta":{"_acf_changed":false},"pwb-brand":[712],"product_brand":[],"product_cat":[650,696,105,272],"product_tag":[],"class_list":{"0":"post-7880","1":"product","2":"type-product","3":"status-publish","4":"has-post-thumbnail","6":"pwb-brand-ivar","7":"product_cat-promocje-wyprzedaze","8":"product_cat-przylacze-wody-w-domu","9":"product_cat-rozdzielacze-osprzet","10":"product_cat-zawory-elektrozawory-i-napedy","12":"first","13":"instock","14":"taxable","15":"shipping-taxable","16":"purchasable","17":"product-type-simple"},"acf":[],"yoast_head":"<!-- This site is optimized with the Yoast SEO plugin v26.8 - https:\/\/yoast.com\/product\/yoast-seo-wordpress\/ -->\n<title>Zaw\u00f3r dwudrogowy GW1&quot;xGZ1&quot; p\u00f3\u0142\u015brubunek, z oringiem do sterowania nap\u0119dem elektrycznym - Grupa Termovent Sp. z o.o.<\/title>\n<meta name=\"robots\" content=\"index, follow, max-snippet:-1, max-image-preview:large, max-video-preview:-1\" \/>\n<link rel=\"canonical\" href=\"https:\/\/termovent.pl\/b2b\/katalog\/rozdzielacze-osprzet\/zawor-dwudrogowy-gw1xgz1-polsrubunek-z-oringiem-do-sterowania-napedem-elektrycznym\/\" \/>\n<meta property=\"og:locale\" content=\"pl_PL\" \/>\n<meta property=\"og:type\" content=\"article\" \/>\n<meta property=\"og:title\" content=\"Zaw\u00f3r dwudrogowy GW1&quot;xGZ1&quot; p\u00f3\u0142\u015brubunek, z oringiem do sterowania nap\u0119dem elektrycznym - Grupa Termovent Sp. z o.o.\" \/>\n<meta property=\"og:description\" content=\"Zaw\u00f3r dwudrogowy GW1&quot;xGZ1&quot; p\u00f3\u0142\u015brubunek, z oringiem do sterowania nap\u0119dem elektrycznym  Zakres temperatur pracy od -10 do 100 stopni C  PN16  Oring z EPDM  Przeznaczony do pracy z nap\u0119dem elektrycznym  Wyprodukowano we W\u0142oszech  Gwarancja producenta: 2 lata\" \/>\n<meta property=\"og:url\" content=\"https:\/\/termovent.pl\/b2b\/katalog\/rozdzielacze-osprzet\/zawor-dwudrogowy-gw1xgz1-polsrubunek-z-oringiem-do-sterowania-napedem-elektrycznym\/\" \/>\n<meta property=\"og:site_name\" content=\"Grupa Termovent Sp. z o.o.\" \/>\n<meta property=\"article:modified_time\" content=\"2025-08-18T16:04:25+00:00\" \/>\n<meta property=\"og:image\" content=\"https:\/\/termovent.pl\/b2b\/wp-content\/uploads\/2021\/05\/ivar-506211-3.png\" \/>\n\t<meta property=\"og:image:width\" content=\"900\" \/>\n\t<meta property=\"og:image:height\" content=\"1200\" \/>\n\t<meta property=\"og:image:type\" content=\"image\/png\" \/>\n<meta name=\"twitter:card\" content=\"summary_large_image\" \/>\n<meta name=\"twitter:label1\" content=\"Szacowany czas czytania\" \/>\n\t<meta name=\"twitter:data1\" content=\"1 minuta\" \/>\n<script type=\"application\/ld+json\" class=\"yoast-schema-graph\">{\"@context\":\"https:\/\/schema.org\",\"@graph\":[{\"@type\":\"WebPage\",\"@id\":\"https:\/\/termovent.pl\/b2b\/katalog\/rozdzielacze-osprzet\/zawor-dwudrogowy-gw1xgz1-polsrubunek-z-oringiem-do-sterowania-napedem-elektrycznym\/\",\"url\":\"https:\/\/termovent.pl\/b2b\/katalog\/rozdzielacze-osprzet\/zawor-dwudrogowy-gw1xgz1-polsrubunek-z-oringiem-do-sterowania-napedem-elektrycznym\/\",\"name\":\"Zaw\u00f3r dwudrogowy GW1\\\"xGZ1\\\" p\u00f3\u0142\u015brubunek, z oringiem do sterowania nap\u0119dem elektrycznym - Grupa Termovent Sp. z o.o.\",\"isPartOf\":{\"@id\":\"https:\/\/termovent.pl\/b2b\/#website\"},\"primaryImageOfPage\":{\"@id\":\"https:\/\/termovent.pl\/b2b\/katalog\/rozdzielacze-osprzet\/zawor-dwudrogowy-gw1xgz1-polsrubunek-z-oringiem-do-sterowania-napedem-elektrycznym\/#primaryimage\"},\"image\":{\"@id\":\"https:\/\/termovent.pl\/b2b\/katalog\/rozdzielacze-osprzet\/zawor-dwudrogowy-gw1xgz1-polsrubunek-z-oringiem-do-sterowania-napedem-elektrycznym\/#primaryimage\"},\"thumbnailUrl\":\"https:\/\/termovent.pl\/b2b\/wp-content\/uploads\/2021\/05\/ivar-506211-3.png\",\"datePublished\":\"2021-03-25T14:04:39+00:00\",\"dateModified\":\"2025-08-18T16:04:25+00:00\",\"breadcrumb\":{\"@id\":\"https:\/\/termovent.pl\/b2b\/katalog\/rozdzielacze-osprzet\/zawor-dwudrogowy-gw1xgz1-polsrubunek-z-oringiem-do-sterowania-napedem-elektrycznym\/#breadcrumb\"},\"inLanguage\":\"pl-PL\",\"potentialAction\":[{\"@type\":\"ReadAction\",\"target\":[\"https:\/\/termovent.pl\/b2b\/katalog\/rozdzielacze-osprzet\/zawor-dwudrogowy-gw1xgz1-polsrubunek-z-oringiem-do-sterowania-napedem-elektrycznym\/\"]}]},{\"@type\":\"ImageObject\",\"inLanguage\":\"pl-PL\",\"@id\":\"https:\/\/termovent.pl\/b2b\/katalog\/rozdzielacze-osprzet\/zawor-dwudrogowy-gw1xgz1-polsrubunek-z-oringiem-do-sterowania-napedem-elektrycznym\/#primaryimage\",\"url\":\"https:\/\/termovent.pl\/b2b\/wp-content\/uploads\/2021\/05\/ivar-506211-3.png\",\"contentUrl\":\"https:\/\/termovent.pl\/b2b\/wp-content\/uploads\/2021\/05\/ivar-506211-3.png\",\"width\":900,\"height\":1200},{\"@type\":\"BreadcrumbList\",\"@id\":\"https:\/\/termovent.pl\/b2b\/katalog\/rozdzielacze-osprzet\/zawor-dwudrogowy-gw1xgz1-polsrubunek-z-oringiem-do-sterowania-napedem-elektrycznym\/#breadcrumb\",\"itemListElement\":[{\"@type\":\"ListItem\",\"position\":1,\"name\":\"Strona g\u0142\u00f3wna\",\"item\":\"https:\/\/termovent.pl\/b2b\/\"},{\"@type\":\"ListItem\",\"position\":2,\"name\":\"Katalog\",\"item\":\"https:\/\/termovent.pl\/b2b\/katalog\/\"},{\"@type\":\"ListItem\",\"position\":3,\"name\":\"Zaw\u00f3r dwudrogowy GW1&#8243;xGZ1&#8243; p\u00f3\u0142\u015brubunek, z oringiem do sterowania nap\u0119dem elektrycznym\"}]},{\"@type\":\"WebSite\",\"@id\":\"https:\/\/termovent.pl\/b2b\/#website\",\"url\":\"https:\/\/termovent.pl\/b2b\/\",\"name\":\"Grupa Termovent Sp. z o.o.\",\"description\":\"PLATFORMA B2B\",\"publisher\":{\"@id\":\"https:\/\/termovent.pl\/b2b\/#organization\"},\"potentialAction\":[{\"@type\":\"SearchAction\",\"target\":{\"@type\":\"EntryPoint\",\"urlTemplate\":\"https:\/\/termovent.pl\/b2b\/?s={search_term_string}\"},\"query-input\":{\"@type\":\"PropertyValueSpecification\",\"valueRequired\":true,\"valueName\":\"search_term_string\"}}],\"inLanguage\":\"pl-PL\"},{\"@type\":\"Organization\",\"@id\":\"https:\/\/termovent.pl\/b2b\/#organization\",\"name\":\"GrupaTermovent\",\"url\":\"https:\/\/termovent.pl\/b2b\/\",\"logo\":{\"@type\":\"ImageObject\",\"inLanguage\":\"pl-PL\",\"@id\":\"https:\/\/termovent.pl\/b2b\/#\/schema\/logo\/image\/\",\"url\":\"https:\/\/termovent.pl\/b2b\/wp-content\/uploads\/2020\/08\/logo-termovent.png\",\"contentUrl\":\"https:\/\/termovent.pl\/b2b\/wp-content\/uploads\/2020\/08\/logo-termovent.png\",\"width\":401,\"height\":76,\"caption\":\"GrupaTermovent\"},\"image\":{\"@id\":\"https:\/\/termovent.pl\/b2b\/#\/schema\/logo\/image\/\"}}]}<\/script>\n<!-- \/ Yoast SEO plugin. -->","yoast_head_json":{"title":"Zaw\u00f3r dwudrogowy GW1\"xGZ1\" p\u00f3\u0142\u015brubunek, z oringiem do sterowania nap\u0119dem elektrycznym - Grupa Termovent Sp. z o.o.","robots":{"index":"index","follow":"follow","max-snippet":"max-snippet:-1","max-image-preview":"max-image-preview:large","max-video-preview":"max-video-preview:-1"},"canonical":"https:\/\/termovent.pl\/b2b\/katalog\/rozdzielacze-osprzet\/zawor-dwudrogowy-gw1xgz1-polsrubunek-z-oringiem-do-sterowania-napedem-elektrycznym\/","og_locale":"pl_PL","og_type":"article","og_title":"Zaw\u00f3r dwudrogowy GW1\"xGZ1\" p\u00f3\u0142\u015brubunek, z oringiem do sterowania nap\u0119dem elektrycznym - Grupa Termovent Sp. z o.o.","og_description":"Zaw\u00f3r dwudrogowy GW1\"xGZ1\" p\u00f3\u0142\u015brubunek, z oringiem do sterowania nap\u0119dem elektrycznym  Zakres temperatur pracy od -10 do 100 stopni C  PN16  Oring z EPDM  Przeznaczony do pracy z nap\u0119dem elektrycznym  Wyprodukowano we W\u0142oszech  Gwarancja producenta: 2 lata","og_url":"https:\/\/termovent.pl\/b2b\/katalog\/rozdzielacze-osprzet\/zawor-dwudrogowy-gw1xgz1-polsrubunek-z-oringiem-do-sterowania-napedem-elektrycznym\/","og_site_name":"Grupa Termovent Sp. z o.o.","article_modified_time":"2025-08-18T16:04:25+00:00","og_image":[{"width":900,"height":1200,"url":"https:\/\/termovent.pl\/b2b\/wp-content\/uploads\/2021\/05\/ivar-506211-3.png","type":"image\/png"}],"twitter_card":"summary_large_image","twitter_misc":{"Szacowany czas czytania":"1 minuta"},"schema":{"@context":"https:\/\/schema.org","@graph":[{"@type":"WebPage","@id":"https:\/\/termovent.pl\/b2b\/katalog\/rozdzielacze-osprzet\/zawor-dwudrogowy-gw1xgz1-polsrubunek-z-oringiem-do-sterowania-napedem-elektrycznym\/","url":"https:\/\/termovent.pl\/b2b\/katalog\/rozdzielacze-osprzet\/zawor-dwudrogowy-gw1xgz1-polsrubunek-z-oringiem-do-sterowania-napedem-elektrycznym\/","name":"Zaw\u00f3r dwudrogowy GW1\"xGZ1\" p\u00f3\u0142\u015brubunek, z oringiem do sterowania nap\u0119dem elektrycznym - Grupa Termovent Sp. z o.o.","isPartOf":{"@id":"https:\/\/termovent.pl\/b2b\/#website"},"primaryImageOfPage":{"@id":"https:\/\/termovent.pl\/b2b\/katalog\/rozdzielacze-osprzet\/zawor-dwudrogowy-gw1xgz1-polsrubunek-z-oringiem-do-sterowania-napedem-elektrycznym\/#primaryimage"},"image":{"@id":"https:\/\/termovent.pl\/b2b\/katalog\/rozdzielacze-osprzet\/zawor-dwudrogowy-gw1xgz1-polsrubunek-z-oringiem-do-sterowania-napedem-elektrycznym\/#primaryimage"},"thumbnailUrl":"https:\/\/termovent.pl\/b2b\/wp-content\/uploads\/2021\/05\/ivar-506211-3.png","datePublished":"2021-03-25T14:04:39+00:00","dateModified":"2025-08-18T16:04:25+00:00","breadcrumb":{"@id":"https:\/\/termovent.pl\/b2b\/katalog\/rozdzielacze-osprzet\/zawor-dwudrogowy-gw1xgz1-polsrubunek-z-oringiem-do-sterowania-napedem-elektrycznym\/#breadcrumb"},"inLanguage":"pl-PL","potentialAction":[{"@type":"ReadAction","target":["https:\/\/termovent.pl\/b2b\/katalog\/rozdzielacze-osprzet\/zawor-dwudrogowy-gw1xgz1-polsrubunek-z-oringiem-do-sterowania-napedem-elektrycznym\/"]}]},{"@type":"ImageObject","inLanguage":"pl-PL","@id":"https:\/\/termovent.pl\/b2b\/katalog\/rozdzielacze-osprzet\/zawor-dwudrogowy-gw1xgz1-polsrubunek-z-oringiem-do-sterowania-napedem-elektrycznym\/#primaryimage","url":"https:\/\/termovent.pl\/b2b\/wp-content\/uploads\/2021\/05\/ivar-506211-3.png","contentUrl":"https:\/\/termovent.pl\/b2b\/wp-content\/uploads\/2021\/05\/ivar-506211-3.png","width":900,"height":1200},{"@type":"BreadcrumbList","@id":"https:\/\/termovent.pl\/b2b\/katalog\/rozdzielacze-osprzet\/zawor-dwudrogowy-gw1xgz1-polsrubunek-z-oringiem-do-sterowania-napedem-elektrycznym\/#breadcrumb","itemListElement":[{"@type":"ListItem","position":1,"name":"Strona g\u0142\u00f3wna","item":"https:\/\/termovent.pl\/b2b\/"},{"@type":"ListItem","position":2,"name":"Katalog","item":"https:\/\/termovent.pl\/b2b\/katalog\/"},{"@type":"ListItem","position":3,"name":"Zaw\u00f3r dwudrogowy GW1&#8243;xGZ1&#8243; p\u00f3\u0142\u015brubunek, z oringiem do sterowania nap\u0119dem elektrycznym"}]},{"@type":"WebSite","@id":"https:\/\/termovent.pl\/b2b\/#website","url":"https:\/\/termovent.pl\/b2b\/","name":"Grupa Termovent Sp. z o.o.","description":"PLATFORMA B2B","publisher":{"@id":"https:\/\/termovent.pl\/b2b\/#organization"},"potentialAction":[{"@type":"SearchAction","target":{"@type":"EntryPoint","urlTemplate":"https:\/\/termovent.pl\/b2b\/?s={search_term_string}"},"query-input":{"@type":"PropertyValueSpecification","valueRequired":true,"valueName":"search_term_string"}}],"inLanguage":"pl-PL"},{"@type":"Organization","@id":"https:\/\/termovent.pl\/b2b\/#organization","name":"GrupaTermovent","url":"https:\/\/termovent.pl\/b2b\/","logo":{"@type":"ImageObject","inLanguage":"pl-PL","@id":"https:\/\/termovent.pl\/b2b\/#\/schema\/logo\/image\/","url":"https:\/\/termovent.pl\/b2b\/wp-content\/uploads\/2020\/08\/logo-termovent.png","contentUrl":"https:\/\/termovent.pl\/b2b\/wp-content\/uploads\/2020\/08\/logo-termovent.png","width":401,"height":76,"caption":"GrupaTermovent"},"image":{"@id":"https:\/\/termovent.pl\/b2b\/#\/schema\/logo\/image\/"}}]}},"brands":[{"id":712,"name":"IVAR","slug":"ivar"}],"_links":{"self":[{"href":"https:\/\/termovent.pl\/b2b\/wp-json\/wp\/v2\/product\/7880","targetHints":{"allow":["GET"]}}],"collection":[{"href":"https:\/\/termovent.pl\/b2b\/wp-json\/wp\/v2\/product"}],"about":[{"href":"https:\/\/termovent.pl\/b2b\/wp-json\/wp\/v2\/types\/product"}],"wp:featuredmedia":[{"embeddable":true,"href":"https:\/\/termovent.pl\/b2b\/wp-json\/wp\/v2\/media\/8341"}],"wp:attachment":[{"href":"https:\/\/termovent.pl\/b2b\/wp-json\/wp\/v2\/media?parent=7880"}],"wp:term":[{"taxonomy":"pwb-brand","embeddable":true,"href":"https:\/\/termovent.pl\/b2b\/wp-json\/wp\/v2\/pwb-brand?post=7880"},{"taxonomy":"product_brand","embeddable":true,"href":"https:\/\/termovent.pl\/b2b\/wp-json\/wp\/v2\/product_brand?post=7880"},{"taxonomy":"product_cat","embeddable":true,"href":"https:\/\/termovent.pl\/b2b\/wp-json\/wp\/v2\/product_cat?post=7880"},{"taxonomy":"product_tag","embeddable":true,"href":"https:\/\/termovent.pl\/b2b\/wp-json\/wp\/v2\/product_tag?post=7880"}],"curies":[{"name":"wp","href":"https:\/\/api.w.org\/{rel}","templated":true}]}}