{"id":7796,"date":"2021-03-24T10:10:16","date_gmt":"2021-03-24T09:10:16","guid":{"rendered":"https:\/\/termovent.pl\/b2b\/?post_type=product&#038;p=7796"},"modified":"2025-07-17T19:47:09","modified_gmt":"2025-07-17T17:47:09","slug":"sentinel-r100-plyn-niezamarzajacy-do-instalacji-solarnych-20l","status":"publish","type":"product","link":"https:\/\/termovent.pl\/b2b\/katalog\/chemia-instalacyjna\/srodki-do-systemow-solarnych\/sentinel-r100-plyn-niezamarzajacy-do-instalacji-solarnych-20l\/","title":{"rendered":"Sentinel R100 p\u0142yn niezamarzaj\u0105cy do instalacji solarnych 20Litr\u00f3w"},"content":{"rendered":"<p><strong>Gdzie stosujemy \u015brodek R100?<\/strong><\/p>\n<p>\u015arodek ten stosujemy we wszystkich typach instalacji solarnych i wsz\u0119dzie tam, gdzie potrzebne s\u0105 p\u0142yny niezamarzaj\u0105ce odporne na niskie i bardzo wysokie temperatury. R100 zabezpiecza instalacj\u0119 przed zamarzni\u0119ciem do -25\u00b0C i zachowuje swoje w\u0142a\u015bciwo\u015bci w temperaturach do 200\u00b0C.<\/p>\n<p>Poza odporno\u015bci\u0105 na skrajne temperatury \u015brodek zabezpiecza instalacj\u0119 przed korozj\u0105 i osadami dok\u0142adnie tak jak inhibitor Sentinel X100.<\/p>\n<p><strong>Jak stosujemy Sentinel R100?<\/strong><\/p>\n<p>\u015arodek wprowadzamy pomp\u0105 do instalacji i pozostawiamy go w uk\u0142adzie sprawdzaj\u0105c okresowo stan jego zu\u017ccia.<\/p>\n<p><strong>G\u0142\u00f3wne cechy<\/strong><\/p>\n<ul>\n<li>Gotowy do u\u017cycia bez rozcie\u0144czenia<\/li>\n<li>Chroni uk\u0142ad przed korozj\u0105 zar\u00f3wno w stanie ciek\u0142ym, jak i parowym<\/li>\n<li>Skuteczna ochrona przed mrozem do -25\u00b0C<\/li>\n<li>Odporny na degradacj\u0119 nawet w temperaturach do 200\u00b0C<\/li>\n<li>Zapewnia stabilizacj\u0119 pH na optymalnym poziomie z punktu widzenia korozyjno\u015bci<\/li>\n<li>Nietoksyczny i biodegradowalny<\/li>\n<li>Nie atakuje materia\u0142\u00f3w uszczelniaj\u0105cych system<\/li>\n<\/ul>\n<p><strong>\u00a0<\/strong><strong>Wielko\u015b\u0107 opakowania:<\/strong><\/p>\n<ul>\n<li>20 litr\u00f3w<\/li>\n<\/ul>\n<p><strong>Gwarancja producenta 2 lata.<\/strong><\/p>\n<p>Przy stosowaniu \u015brodka nale\u017cy zachowa\u0107 \u015brodki bezpiecze\u0144stwa zgodnie z zaleceniami producenta okre\u015blonymi w karcie produktu.<\/p>\n","protected":false},"excerpt":{"rendered":"<p><strong>Cel stosowania:<\/strong><\/p>\n<p>Sentinel R100 Solar Thermal Fluid jest gotowym do u\u017cycia p\u0142ynem odpornym na skrajne warunki temperaturowe. Stosujemy go najcz\u0119\u015bciej w systemach ogrzewania s\u0142onecznego z kolektorami p\u0142askimi, pr\u00f3\u017cniowymi i ka\u017cd\u0105 inn\u0105 metod\u0105 odbioru energii s\u0142onecznej.<\/p>\n<p>R100 stosujemy, \u017ceby zapobiec zamarzaniu uk\u0142ad\u00f3w (do -25\u00b0C) i \u017ceby zabezpieczy\u0107 je przed korozj\u0105 i powstawaniem osad\u00f3w. \u015arodek jest odporny na przegrzanie do temperatury 200\u00b0C<\/p>\n<p><strong>Opakowanie i dozowanie:<\/strong><\/p>\n<p>R100 oferujemy w opakowaniach 10 i 20 litrowych.<\/p>\n<p>\u015arodek do uk\u0142adu wprowadzamy bez rozcie\u0144czania typow\u0105 pomp\u0105 do nape\u0142niania uk\u0142ad\u00f3w solarnych.<\/p>\n","protected":false},"featured_media":3414,"template":"","meta":{"_acf_changed":false},"pwb-brand":[713],"product_brand":[],"product_cat":[98,184],"product_tag":[],"class_list":{"0":"post-7796","1":"product","2":"type-product","3":"status-publish","4":"has-post-thumbnail","6":"pwb-brand-sentinel","7":"product_cat-chemia-instalacyjna","8":"product_cat-srodki-do-systemow-solarnych","10":"first","11":"instock","12":"taxable","13":"shipping-taxable","14":"purchasable","15":"product-type-simple"},"acf":[],"yoast_head":"<!-- This site is optimized with the Yoast SEO plugin v26.8 - https:\/\/yoast.com\/product\/yoast-seo-wordpress\/ -->\n<title>Sentinel R100 p\u0142yn niezamarzaj\u0105cy do instalacji solarnych 20Litr\u00f3w - Grupa Termovent Sp. z o.o.<\/title>\n<meta name=\"robots\" content=\"index, follow, max-snippet:-1, max-image-preview:large, max-video-preview:-1\" \/>\n<link rel=\"canonical\" href=\"https:\/\/termovent.pl\/b2b\/katalog\/chemia-instalacyjna\/srodki-do-systemow-solarnych\/sentinel-r100-plyn-niezamarzajacy-do-instalacji-solarnych-20l\/\" \/>\n<meta property=\"og:locale\" content=\"pl_PL\" \/>\n<meta property=\"og:type\" content=\"article\" \/>\n<meta property=\"og:title\" content=\"Sentinel R100 p\u0142yn niezamarzaj\u0105cy do instalacji solarnych 20Litr\u00f3w - Grupa Termovent Sp. z o.o.\" \/>\n<meta property=\"og:description\" content=\"Cel stosowania:  Sentinel R100 Solar Thermal Fluid jest gotowym do u\u017cycia p\u0142ynem odpornym na skrajne warunki temperaturowe. Stosujemy go najcz\u0119\u015bciej w systemach ogrzewania s\u0142onecznego z kolektorami p\u0142askimi, pr\u00f3\u017cniowymi i ka\u017cd\u0105 inn\u0105 metod\u0105 odbioru energii s\u0142onecznej.  R100 stosujemy, \u017ceby zapobiec zamarzaniu uk\u0142ad\u00f3w (do -25\u00b0C) i \u017ceby zabezpieczy\u0107 je przed korozj\u0105 i powstawaniem osad\u00f3w. \u015arodek jest odporny na przegrzanie do temperatury 200\u00b0C  Opakowanie i dozowanie:  R100 oferujemy w opakowaniach 10 i 20 litrowych.  \u015arodek do uk\u0142adu wprowadzamy bez rozcie\u0144czania typow\u0105 pomp\u0105 do nape\u0142niania uk\u0142ad\u00f3w solarnych.\" \/>\n<meta property=\"og:url\" content=\"https:\/\/termovent.pl\/b2b\/katalog\/chemia-instalacyjna\/srodki-do-systemow-solarnych\/sentinel-r100-plyn-niezamarzajacy-do-instalacji-solarnych-20l\/\" \/>\n<meta property=\"og:site_name\" content=\"Grupa Termovent Sp. z o.o.\" \/>\n<meta property=\"article:modified_time\" content=\"2025-07-17T17:47:09+00:00\" \/>\n<meta property=\"og:image\" content=\"https:\/\/termovent.pl\/b2b\/wp-content\/uploads\/2020\/09\/R10020L.png\" \/>\n\t<meta property=\"og:image:width\" content=\"1086\" \/>\n\t<meta property=\"og:image:height\" content=\"1500\" \/>\n\t<meta property=\"og:image:type\" content=\"image\/png\" \/>\n<meta name=\"twitter:card\" content=\"summary_large_image\" \/>\n<meta name=\"twitter:label1\" content=\"Szacowany czas czytania\" \/>\n\t<meta name=\"twitter:data1\" content=\"1 minuta\" \/>\n<script type=\"application\/ld+json\" class=\"yoast-schema-graph\">{\"@context\":\"https:\/\/schema.org\",\"@graph\":[{\"@type\":\"WebPage\",\"@id\":\"https:\/\/termovent.pl\/b2b\/katalog\/chemia-instalacyjna\/srodki-do-systemow-solarnych\/sentinel-r100-plyn-niezamarzajacy-do-instalacji-solarnych-20l\/\",\"url\":\"https:\/\/termovent.pl\/b2b\/katalog\/chemia-instalacyjna\/srodki-do-systemow-solarnych\/sentinel-r100-plyn-niezamarzajacy-do-instalacji-solarnych-20l\/\",\"name\":\"Sentinel R100 p\u0142yn niezamarzaj\u0105cy do instalacji solarnych 20Litr\u00f3w - Grupa Termovent Sp. z o.o.\",\"isPartOf\":{\"@id\":\"https:\/\/termovent.pl\/b2b\/#website\"},\"primaryImageOfPage\":{\"@id\":\"https:\/\/termovent.pl\/b2b\/katalog\/chemia-instalacyjna\/srodki-do-systemow-solarnych\/sentinel-r100-plyn-niezamarzajacy-do-instalacji-solarnych-20l\/#primaryimage\"},\"image\":{\"@id\":\"https:\/\/termovent.pl\/b2b\/katalog\/chemia-instalacyjna\/srodki-do-systemow-solarnych\/sentinel-r100-plyn-niezamarzajacy-do-instalacji-solarnych-20l\/#primaryimage\"},\"thumbnailUrl\":\"https:\/\/termovent.pl\/b2b\/wp-content\/uploads\/2020\/09\/R10020L.png\",\"datePublished\":\"2021-03-24T09:10:16+00:00\",\"dateModified\":\"2025-07-17T17:47:09+00:00\",\"breadcrumb\":{\"@id\":\"https:\/\/termovent.pl\/b2b\/katalog\/chemia-instalacyjna\/srodki-do-systemow-solarnych\/sentinel-r100-plyn-niezamarzajacy-do-instalacji-solarnych-20l\/#breadcrumb\"},\"inLanguage\":\"pl-PL\",\"potentialAction\":[{\"@type\":\"ReadAction\",\"target\":[\"https:\/\/termovent.pl\/b2b\/katalog\/chemia-instalacyjna\/srodki-do-systemow-solarnych\/sentinel-r100-plyn-niezamarzajacy-do-instalacji-solarnych-20l\/\"]}]},{\"@type\":\"ImageObject\",\"inLanguage\":\"pl-PL\",\"@id\":\"https:\/\/termovent.pl\/b2b\/katalog\/chemia-instalacyjna\/srodki-do-systemow-solarnych\/sentinel-r100-plyn-niezamarzajacy-do-instalacji-solarnych-20l\/#primaryimage\",\"url\":\"https:\/\/termovent.pl\/b2b\/wp-content\/uploads\/2020\/09\/R10020L.png\",\"contentUrl\":\"https:\/\/termovent.pl\/b2b\/wp-content\/uploads\/2020\/09\/R10020L.png\",\"width\":1086,\"height\":1500},{\"@type\":\"BreadcrumbList\",\"@id\":\"https:\/\/termovent.pl\/b2b\/katalog\/chemia-instalacyjna\/srodki-do-systemow-solarnych\/sentinel-r100-plyn-niezamarzajacy-do-instalacji-solarnych-20l\/#breadcrumb\",\"itemListElement\":[{\"@type\":\"ListItem\",\"position\":1,\"name\":\"Strona g\u0142\u00f3wna\",\"item\":\"https:\/\/termovent.pl\/b2b\/\"},{\"@type\":\"ListItem\",\"position\":2,\"name\":\"Katalog\",\"item\":\"https:\/\/termovent.pl\/b2b\/katalog\/\"},{\"@type\":\"ListItem\",\"position\":3,\"name\":\"Sentinel R100 p\u0142yn niezamarzaj\u0105cy do instalacji solarnych 20Litr\u00f3w\"}]},{\"@type\":\"WebSite\",\"@id\":\"https:\/\/termovent.pl\/b2b\/#website\",\"url\":\"https:\/\/termovent.pl\/b2b\/\",\"name\":\"Grupa Termovent Sp. z o.o.\",\"description\":\"PLATFORMA B2B\",\"publisher\":{\"@id\":\"https:\/\/termovent.pl\/b2b\/#organization\"},\"potentialAction\":[{\"@type\":\"SearchAction\",\"target\":{\"@type\":\"EntryPoint\",\"urlTemplate\":\"https:\/\/termovent.pl\/b2b\/?s={search_term_string}\"},\"query-input\":{\"@type\":\"PropertyValueSpecification\",\"valueRequired\":true,\"valueName\":\"search_term_string\"}}],\"inLanguage\":\"pl-PL\"},{\"@type\":\"Organization\",\"@id\":\"https:\/\/termovent.pl\/b2b\/#organization\",\"name\":\"GrupaTermovent\",\"url\":\"https:\/\/termovent.pl\/b2b\/\",\"logo\":{\"@type\":\"ImageObject\",\"inLanguage\":\"pl-PL\",\"@id\":\"https:\/\/termovent.pl\/b2b\/#\/schema\/logo\/image\/\",\"url\":\"https:\/\/termovent.pl\/b2b\/wp-content\/uploads\/2020\/08\/logo-termovent.png\",\"contentUrl\":\"https:\/\/termovent.pl\/b2b\/wp-content\/uploads\/2020\/08\/logo-termovent.png\",\"width\":401,\"height\":76,\"caption\":\"GrupaTermovent\"},\"image\":{\"@id\":\"https:\/\/termovent.pl\/b2b\/#\/schema\/logo\/image\/\"}}]}<\/script>\n<!-- \/ Yoast SEO plugin. -->","yoast_head_json":{"title":"Sentinel R100 p\u0142yn niezamarzaj\u0105cy do instalacji solarnych 20Litr\u00f3w - Grupa Termovent Sp. z o.o.","robots":{"index":"index","follow":"follow","max-snippet":"max-snippet:-1","max-image-preview":"max-image-preview:large","max-video-preview":"max-video-preview:-1"},"canonical":"https:\/\/termovent.pl\/b2b\/katalog\/chemia-instalacyjna\/srodki-do-systemow-solarnych\/sentinel-r100-plyn-niezamarzajacy-do-instalacji-solarnych-20l\/","og_locale":"pl_PL","og_type":"article","og_title":"Sentinel R100 p\u0142yn niezamarzaj\u0105cy do instalacji solarnych 20Litr\u00f3w - Grupa Termovent Sp. z o.o.","og_description":"Cel stosowania:  Sentinel R100 Solar Thermal Fluid jest gotowym do u\u017cycia p\u0142ynem odpornym na skrajne warunki temperaturowe. Stosujemy go najcz\u0119\u015bciej w systemach ogrzewania s\u0142onecznego z kolektorami p\u0142askimi, pr\u00f3\u017cniowymi i ka\u017cd\u0105 inn\u0105 metod\u0105 odbioru energii s\u0142onecznej.  R100 stosujemy, \u017ceby zapobiec zamarzaniu uk\u0142ad\u00f3w (do -25\u00b0C) i \u017ceby zabezpieczy\u0107 je przed korozj\u0105 i powstawaniem osad\u00f3w. \u015arodek jest odporny na przegrzanie do temperatury 200\u00b0C  Opakowanie i dozowanie:  R100 oferujemy w opakowaniach 10 i 20 litrowych.  \u015arodek do uk\u0142adu wprowadzamy bez rozcie\u0144czania typow\u0105 pomp\u0105 do nape\u0142niania uk\u0142ad\u00f3w solarnych.","og_url":"https:\/\/termovent.pl\/b2b\/katalog\/chemia-instalacyjna\/srodki-do-systemow-solarnych\/sentinel-r100-plyn-niezamarzajacy-do-instalacji-solarnych-20l\/","og_site_name":"Grupa Termovent Sp. z o.o.","article_modified_time":"2025-07-17T17:47:09+00:00","og_image":[{"width":1086,"height":1500,"url":"https:\/\/termovent.pl\/b2b\/wp-content\/uploads\/2020\/09\/R10020L.png","type":"image\/png"}],"twitter_card":"summary_large_image","twitter_misc":{"Szacowany czas czytania":"1 minuta"},"schema":{"@context":"https:\/\/schema.org","@graph":[{"@type":"WebPage","@id":"https:\/\/termovent.pl\/b2b\/katalog\/chemia-instalacyjna\/srodki-do-systemow-solarnych\/sentinel-r100-plyn-niezamarzajacy-do-instalacji-solarnych-20l\/","url":"https:\/\/termovent.pl\/b2b\/katalog\/chemia-instalacyjna\/srodki-do-systemow-solarnych\/sentinel-r100-plyn-niezamarzajacy-do-instalacji-solarnych-20l\/","name":"Sentinel R100 p\u0142yn niezamarzaj\u0105cy do instalacji solarnych 20Litr\u00f3w - Grupa Termovent Sp. z o.o.","isPartOf":{"@id":"https:\/\/termovent.pl\/b2b\/#website"},"primaryImageOfPage":{"@id":"https:\/\/termovent.pl\/b2b\/katalog\/chemia-instalacyjna\/srodki-do-systemow-solarnych\/sentinel-r100-plyn-niezamarzajacy-do-instalacji-solarnych-20l\/#primaryimage"},"image":{"@id":"https:\/\/termovent.pl\/b2b\/katalog\/chemia-instalacyjna\/srodki-do-systemow-solarnych\/sentinel-r100-plyn-niezamarzajacy-do-instalacji-solarnych-20l\/#primaryimage"},"thumbnailUrl":"https:\/\/termovent.pl\/b2b\/wp-content\/uploads\/2020\/09\/R10020L.png","datePublished":"2021-03-24T09:10:16+00:00","dateModified":"2025-07-17T17:47:09+00:00","breadcrumb":{"@id":"https:\/\/termovent.pl\/b2b\/katalog\/chemia-instalacyjna\/srodki-do-systemow-solarnych\/sentinel-r100-plyn-niezamarzajacy-do-instalacji-solarnych-20l\/#breadcrumb"},"inLanguage":"pl-PL","potentialAction":[{"@type":"ReadAction","target":["https:\/\/termovent.pl\/b2b\/katalog\/chemia-instalacyjna\/srodki-do-systemow-solarnych\/sentinel-r100-plyn-niezamarzajacy-do-instalacji-solarnych-20l\/"]}]},{"@type":"ImageObject","inLanguage":"pl-PL","@id":"https:\/\/termovent.pl\/b2b\/katalog\/chemia-instalacyjna\/srodki-do-systemow-solarnych\/sentinel-r100-plyn-niezamarzajacy-do-instalacji-solarnych-20l\/#primaryimage","url":"https:\/\/termovent.pl\/b2b\/wp-content\/uploads\/2020\/09\/R10020L.png","contentUrl":"https:\/\/termovent.pl\/b2b\/wp-content\/uploads\/2020\/09\/R10020L.png","width":1086,"height":1500},{"@type":"BreadcrumbList","@id":"https:\/\/termovent.pl\/b2b\/katalog\/chemia-instalacyjna\/srodki-do-systemow-solarnych\/sentinel-r100-plyn-niezamarzajacy-do-instalacji-solarnych-20l\/#breadcrumb","itemListElement":[{"@type":"ListItem","position":1,"name":"Strona g\u0142\u00f3wna","item":"https:\/\/termovent.pl\/b2b\/"},{"@type":"ListItem","position":2,"name":"Katalog","item":"https:\/\/termovent.pl\/b2b\/katalog\/"},{"@type":"ListItem","position":3,"name":"Sentinel R100 p\u0142yn niezamarzaj\u0105cy do instalacji solarnych 20Litr\u00f3w"}]},{"@type":"WebSite","@id":"https:\/\/termovent.pl\/b2b\/#website","url":"https:\/\/termovent.pl\/b2b\/","name":"Grupa Termovent Sp. z o.o.","description":"PLATFORMA B2B","publisher":{"@id":"https:\/\/termovent.pl\/b2b\/#organization"},"potentialAction":[{"@type":"SearchAction","target":{"@type":"EntryPoint","urlTemplate":"https:\/\/termovent.pl\/b2b\/?s={search_term_string}"},"query-input":{"@type":"PropertyValueSpecification","valueRequired":true,"valueName":"search_term_string"}}],"inLanguage":"pl-PL"},{"@type":"Organization","@id":"https:\/\/termovent.pl\/b2b\/#organization","name":"GrupaTermovent","url":"https:\/\/termovent.pl\/b2b\/","logo":{"@type":"ImageObject","inLanguage":"pl-PL","@id":"https:\/\/termovent.pl\/b2b\/#\/schema\/logo\/image\/","url":"https:\/\/termovent.pl\/b2b\/wp-content\/uploads\/2020\/08\/logo-termovent.png","contentUrl":"https:\/\/termovent.pl\/b2b\/wp-content\/uploads\/2020\/08\/logo-termovent.png","width":401,"height":76,"caption":"GrupaTermovent"},"image":{"@id":"https:\/\/termovent.pl\/b2b\/#\/schema\/logo\/image\/"}}]}},"brands":[{"id":713,"name":"Sentinel","slug":"sentinel"}],"_links":{"self":[{"href":"https:\/\/termovent.pl\/b2b\/wp-json\/wp\/v2\/product\/7796","targetHints":{"allow":["GET"]}}],"collection":[{"href":"https:\/\/termovent.pl\/b2b\/wp-json\/wp\/v2\/product"}],"about":[{"href":"https:\/\/termovent.pl\/b2b\/wp-json\/wp\/v2\/types\/product"}],"wp:featuredmedia":[{"embeddable":true,"href":"https:\/\/termovent.pl\/b2b\/wp-json\/wp\/v2\/media\/3414"}],"wp:attachment":[{"href":"https:\/\/termovent.pl\/b2b\/wp-json\/wp\/v2\/media?parent=7796"}],"wp:term":[{"taxonomy":"pwb-brand","embeddable":true,"href":"https:\/\/termovent.pl\/b2b\/wp-json\/wp\/v2\/pwb-brand?post=7796"},{"taxonomy":"product_brand","embeddable":true,"href":"https:\/\/termovent.pl\/b2b\/wp-json\/wp\/v2\/product_brand?post=7796"},{"taxonomy":"product_cat","embeddable":true,"href":"https:\/\/termovent.pl\/b2b\/wp-json\/wp\/v2\/product_cat?post=7796"},{"taxonomy":"product_tag","embeddable":true,"href":"https:\/\/termovent.pl\/b2b\/wp-json\/wp\/v2\/product_tag?post=7796"}],"curies":[{"name":"wp","href":"https:\/\/api.w.org\/{rel}","templated":true}]}}