{"id":3263,"date":"2020-09-03T23:44:50","date_gmt":"2020-09-03T21:44:50","guid":{"rendered":"https:\/\/termovent.pl\/b2b\/katalog\/bez-kategorii\/import-placeholder-for-3012\/"},"modified":"2026-02-16T20:14:03","modified_gmt":"2026-02-16T19:14:03","slug":"sentinel-x200","status":"publish","type":"product","link":"https:\/\/termovent.pl\/b2b\/katalog\/chemia-instalacyjna\/redukcja-halasu-uszczelniacz-wyciekow\/sentinel-x200\/","title":{"rendered":"Sentinel X200"},"content":{"rendered":"<p><strong>Gdzie stosujemy X200 Noise Reducer?<\/strong><\/p>\n<p>Reduktor ha\u0142as\u00f3w w kotle Sentinel X200 &#8211; stosujemy w wodnych systemach grzewczych, kt\u00f3re by\u0142y zalane wod\u0105 tward\u0105 i na powierzchni wymiennik\u00f3w wytworzy\u0142 si\u0119 kamie\u0144 kot\u0142owy. X200 jest wlewany do uk\u0142adu i w nim pozostaje (nie trzeba go usuwa\u0107).<\/p>\n<p>Jest to skuteczny, nieagresywny \u015brodek, kt\u00f3ry powoli i stopniowo rozbija i rozdrabnia kamie\u0144 kot\u0142owy.<\/p>\n<p>&nbsp;<\/p>\n<p>W ka\u017cdej instalacji warto zastosowa\u0107 odpowiednie filtry na powrocie wody do kot\u0142a. W przypadku stosowania X200 zdecydowanie polecamy zastosowanie filtr\u00f3w serii Vortex 300 i 500 w celu wy\u0142apywania drobin kamienia wytr\u0105canego przez X200 dzi\u0119ki filtracji cyklonowo-magnetycznej.<\/p>\n<p>Przy okazji warto zobaczy\u0107 jak dzia\u0142a filtr magnetyczny Vortex na prezentacji: <a href=\"https:\/\/www.youtube.com\/watch?v=2C2PhJdWCMw\" target=\"_blank\" rel=\"noopener noreferrer\">Filtr magnetyczny Sentinel VORTEX<\/a><\/p>\n<p>X200 stosujemy w instalacjach starszych, kt\u00f3re nie s\u0105 bardzo zanieczyszczone i jedynym zauwa\u017calnym problemem jest zakamienienie kot\u0142a.<\/p>\n<p>W starszych uk\u0142adach gdzie widzimy, \u017ce woda instalacyjna jest bardzo brudna, ma brzydki zapach itp. lepiej zastosowa\u0107 czyszczenie przy pomocy \u015brodka Sentinel X400, lub X800, a dopiero po wyczyszczeniu instalacji zala\u0107 uk\u0142ad czyst\u0105 wod\u0105 z inhibitorem korozji X100 plus dodatkowo da\u0107 X200, \u017ceby mie\u0107 pewno\u015b\u0107, \u017ce wymiennik kot\u0142a zostanie perfekcyjnie czysty na kolejne lata eksploatacji.<\/p>\n<p>&nbsp;<\/p>\n<p>W zakresie czyszczenia instalacji warto zwr\u00f3ci\u0107 uwag\u0119 na znajduj\u0105c\u0105 si\u0119 w naszej ofercie specjalistyczn\u0105 pomp\u0119 czyszcz\u0105c\u0105 Sentinel JetFlush Rapid i wsp\u00f3\u0142pracuj\u0105cy z ni\u0105 filtr magnetyczny Sentinel JetFlush.<\/p>\n<p>Przy czyszczeniu instalacji nowych u\u017cywamy \u015brodek X300, przy starszych ni\u017c 6 mcy uk\u0142adach X400, lub X800. Czyszczenie instalacji z zanieczyszcze\u0144 biologicznych (bakterie, grzyby itp.) wymaga zastosowania \u015brodka Sentinel X700.<\/p>\n<p>Preparatu Sentinel X200 Noise Reducer mo\u017cna u\u017cywa\u0107 we wszystkich wodnych systemach grzewczych takich jak ogrzewanie grzejnikowe, pod\u0142ogowe, powierzchniowe, wodne nagrzewnice powietrza itp.<\/p>\n<p>Zalecany jest do wszystkich typ\u00f3w \u017ar\u00f3de\u0142 ciep\u0142a od kot\u0142\u00f3w sta\u0142opalnych przez kot\u0142y gazowe, olejowe, pompy ciep\u0142a, kot\u0142y elektryczne itp.<\/p>\n<p>X200 mo\u017cna stosowa\u0107 w instalacjach wykonanych zar\u00f3wno z tworzyw sztucznych, jak i metali takich jak stal (czarna, kot\u0142owa, szlachetna), \u017celiwo, mied\u017a, mosi\u0105dz, aluminium, AL.-SI (wymienniki aluminiowo-krzemowe kot\u0142\u00f3w kondensacyjnych), chrom, nikiel, cynk itp.<\/p>\n<p>Przed\u0142u\u017ca on \u017cywotno\u015b\u0107 wymiennik\u00f3w kot\u0142\u00f3w i instalacji, zapewnia maksymaln\u0105 wydajno\u015b\u0107 i mniejsze zu\u017cycie paliwa.<\/p>\n<p><strong>Jak stosujemy Sentinel X200?<\/strong><\/p>\n<p>Odpowiedni\u0105 dawk\u0119 \u015brodka X200 musimy wprowadzi\u0107 do uk\u0142adu w spos\u00f3b, kt\u00f3ry b\u0119dzie dla nas najwygodniejszy. Mo\u017cemy w tym celu spu\u015bci\u0107 wod\u0119 z jednego grzejnika i po wlaniu X200 uruchomi\u0107 grzejnik. Mo\u017cemy do wprowadzenia \u015brodka do uk\u0142adu u\u017cy\u0107 pompy czyszcz\u0105cej Sentinel JetFlush Rapid, lub pompy do nape\u0142niania instalacji. Wielu instalator\u00f3w u\u017cywa w celu dodania \u015brodka pustego korpusu na wk\u0142ady 10\u201d. Przep\u0142ywaj\u0105ca przez korpus woda miesza si\u0119 z X200 i wp\u0142ywa razem z nim do uk\u0142adu. Takie rozwi\u0105zanie najlepiej funkcjonuje przy nape\u0142nianiu instalacji now\u0105 wod\u0105. Temat dopuszczenia \u015brodka do uk\u0142adu mo\u017cna rozwi\u0105za\u0107 na wiele sposob\u00f3w i ka\u017cdy instalator ma na to sw\u00f3j ulubiony spos\u00f3b.<\/p>\n<p>Sentinel X200 pozostawiamy w uk\u0142adzie na ca\u0142y czas jego eksploatacji.<\/p>\n<p><strong>G\u0142\u00f3wne cechy<\/strong><\/p>\n<ul>\n<li>Redukuje ha\u0142as towarzysz\u0105cy pracy kot\u0142a<\/li>\n<li>Pomaga przywr\u00f3ci\u0107 wydajno\u015b\u0107 kot\u0142a<\/li>\n<li>\u0141atwy w u\u017cyciu<\/li>\n<li>Proste dozowanie<\/li>\n<li>Nadaje si\u0119 do wszystkich metali \u0142\u0105cznie z aluminium<\/li>\n<li>Nie zawiera kwas\u00f3w, nie powoduje korozji<\/li>\n<li>Wyprodukowany zgodnie z norm\u0105 ISO9001<\/li>\n<\/ul>\n<p><strong>Dost\u0119pne wielko\u015bci opakowa\u0144:<\/strong><\/p>\n<ul>\n<li>1 litr<\/li>\n<\/ul>\n<p><strong>Gwarancja producenta 2 lata.<\/strong><\/p>\n<p>Przy stosowaniu \u015brodka nale\u017cy zachowa\u0107 \u015brodki bezpiecze\u0144stwa zgodnie z zaleceniami producenta okre\u015blonymi w karcie produktu.<\/p>\n<p>Szczeg\u00f3\u0142owe informacje dost\u0119pne s\u0105 na stronie producenta www.sentinelprotects.com<\/p>\n","protected":false},"excerpt":{"rendered":"<p><strong>Cel stosowania:<\/strong><\/p>\n<p>Sentinel X200 Noise Reducer to niekwasowy \u015brodek redukuj\u0105cy ha\u0142as towarzysz\u0105cy pracy kot\u0142a.<\/p>\n<p>W uk\u0142adach instalacyjnych, kt\u00f3re zosta\u0142y nape\u0142nione wod\u0105 \u201ekranow\u0105\u201d bez jakichkolwiek \u015brodk\u00f3w zabezpieczaj\u0105cych prawie zawsze dochodzi do zakamienienia wymiennika kot\u0142a, czy innego \u017ar\u00f3d\u0142a ciep\u0142a. W takim przypadku warstwa kamienia na wymienniku zdecydowanie obni\u017ca sprawno\u015b\u0107 urz\u0105dzenia, ale te\u017c powoduje, \u017ce pomi\u0119dzy warstw\u0105 kamienia, a powierzchni\u0105 wymiennika dochodzi do przegrzewu wody i \u201ewybuch\u00f3w\u201d pary wodnej. To zjawisko jest s\u0142yszalne i brzmi jak trzeszczenie, strzelanie czego\u015b w kotle. Pomijaj\u0105c kwesti\u0119 wi\u0119kszego zu\u017cycia paliwa zjawisko to jest niebezpieczne dla konstrukcji wymiennika. Wybuchom pary wodnej towarzyszy zjawisko kawitacji. Struktura metalu w miejscu takich wybuch\u00f3w jest z czasem os\u0142abiona i podatna na korozj\u0119 w\u017cerow\u0105. W efekcie ko\u0144cowym p\u0142acimy wi\u0119ksze rachunki za ogrzewania, a na dok\u0142adk\u0119 z czasem mamy spore koszty zwi\u0105zane z wymian\u0105 wymiennika, kt\u00f3ry skorodowa\u0142.<\/p>\n<p><strong>Opakowanie i dozowanie:<\/strong><\/p>\n<p>X200 jest sprzedawany w kanistrach o pojemno\u015bci 1 litra.<\/p>\n<p>W celu dodania \u015brodka do wody kot\u0142owej, trzeba doda\u0107 \u015brodek do wody podczas nape\u0142niania z\u0142adu, albo np. wla\u0107 do jednego grzejnika z kt\u00f3rego spuszczono tak\u0105 ilo\u015b\u0107 wody, \u017ceby zmie\u015bci\u0142 si\u0119 X200 w odpowiedniej ilo\u015bci.<\/p>\n<p>1 litra \u015brodka X200 Noise Reducer wystarcza na zabezpieczenie instalacji o pojemno\u015bci 100 litr\u00f3w wody kot\u0142owej.<\/p>\n<p style=\"text-align: center;\"><strong>&#8212;&#8212;&#8212;-\u00a0 ci\u0105g dalszy opisu poni\u017cej\u00a0 &#8212;&#8212;&#8212;-<\/strong><\/p>\n","protected":false},"featured_media":3301,"template":"","meta":{"_acf_changed":false},"pwb-brand":[713],"product_brand":[],"product_cat":[90,98,178],"product_tag":[],"class_list":{"0":"post-3263","1":"product","2":"type-product","3":"status-publish","4":"has-post-thumbnail","6":"pwb-brand-sentinel","7":"product_cat-uzdatnianie-wody-c-o","8":"product_cat-chemia-instalacyjna","9":"product_cat-redukcja-halasu-uszczelniacz-wyciekow","11":"first","12":"instock","13":"taxable","14":"shipping-taxable","15":"purchasable","16":"product-type-simple"},"acf":[],"yoast_head":"<!-- This site is optimized with the Yoast SEO plugin v26.8 - https:\/\/yoast.com\/product\/yoast-seo-wordpress\/ -->\n<title>Sentinel X200 - Grupa Termovent Sp. z o.o.<\/title>\n<meta name=\"robots\" content=\"index, follow, max-snippet:-1, max-image-preview:large, max-video-preview:-1\" \/>\n<link rel=\"canonical\" href=\"https:\/\/termovent.pl\/b2b\/katalog\/chemia-instalacyjna\/redukcja-halasu-uszczelniacz-wyciekow\/sentinel-x200\/\" \/>\n<meta property=\"og:locale\" content=\"pl_PL\" \/>\n<meta property=\"og:type\" content=\"article\" \/>\n<meta property=\"og:title\" content=\"Sentinel X200 - Grupa Termovent Sp. z o.o.\" \/>\n<meta property=\"og:description\" content=\"Cel stosowania:  Sentinel X200 Noise Reducer to niekwasowy \u015brodek redukuj\u0105cy ha\u0142as towarzysz\u0105cy pracy kot\u0142a.  W uk\u0142adach instalacyjnych, kt\u00f3re zosta\u0142y nape\u0142nione wod\u0105 \u201ekranow\u0105\u201d bez jakichkolwiek \u015brodk\u00f3w zabezpieczaj\u0105cych prawie zawsze dochodzi do zakamienienia wymiennika kot\u0142a, czy innego \u017ar\u00f3d\u0142a ciep\u0142a. W takim przypadku warstwa kamienia na wymienniku zdecydowanie obni\u017ca sprawno\u015b\u0107 urz\u0105dzenia, ale te\u017c powoduje, \u017ce pomi\u0119dzy warstw\u0105 kamienia, a powierzchni\u0105 wymiennika dochodzi do przegrzewu wody i \u201ewybuch\u00f3w\u201d pary wodnej. To zjawisko jest s\u0142yszalne i brzmi jak trzeszczenie, strzelanie czego\u015b w kotle. Pomijaj\u0105c kwesti\u0119 wi\u0119kszego zu\u017cycia paliwa zjawisko to jest niebezpieczne dla konstrukcji wymiennika. Wybuchom pary wodnej towarzyszy zjawisko kawitacji. Struktura metalu w miejscu takich wybuch\u00f3w jest z czasem os\u0142abiona i podatna na korozj\u0119 w\u017cerow\u0105. W efekcie ko\u0144cowym p\u0142acimy wi\u0119ksze rachunki za ogrzewania, a na dok\u0142adk\u0119 z czasem mamy spore koszty zwi\u0105zane z wymian\u0105 wymiennika, kt\u00f3ry skorodowa\u0142.  Opakowanie i dozowanie:  X200 jest sprzedawany w kanistrach o pojemno\u015bci 1 litra.  W celu dodania \u015brodka do wody kot\u0142owej, trzeba doda\u0107 \u015brodek do wody podczas nape\u0142niania z\u0142adu, albo np. wla\u0107 do jednego grzejnika z kt\u00f3rego spuszczono tak\u0105 ilo\u015b\u0107 wody, \u017ceby zmie\u015bci\u0142 si\u0119 X200 w odpowiedniej ilo\u015bci.  1 litra \u015brodka X200 Noise Reducer wystarcza na zabezpieczenie instalacji o pojemno\u015bci 100 litr\u00f3w wody kot\u0142owej. ----------\u00a0 ci\u0105g dalszy opisu poni\u017cej\u00a0 ----------\" \/>\n<meta property=\"og:url\" content=\"https:\/\/termovent.pl\/b2b\/katalog\/chemia-instalacyjna\/redukcja-halasu-uszczelniacz-wyciekow\/sentinel-x200\/\" \/>\n<meta property=\"og:site_name\" content=\"Grupa Termovent Sp. z o.o.\" \/>\n<meta property=\"article:modified_time\" content=\"2026-02-16T19:14:03+00:00\" \/>\n<meta property=\"og:image\" content=\"https:\/\/termovent.pl\/b2b\/wp-content\/uploads\/2020\/09\/mockup_1_litre_sentinel_x200_noisereducer_ep1_2.png\" \/>\n\t<meta property=\"og:image:width\" content=\"1200\" \/>\n\t<meta property=\"og:image:height\" content=\"1400\" \/>\n\t<meta property=\"og:image:type\" content=\"image\/png\" \/>\n<meta name=\"twitter:card\" content=\"summary_large_image\" \/>\n<meta name=\"twitter:label1\" content=\"Szacowany czas czytania\" \/>\n\t<meta name=\"twitter:data1\" content=\"4 minuty\" \/>\n<script type=\"application\/ld+json\" class=\"yoast-schema-graph\">{\"@context\":\"https:\/\/schema.org\",\"@graph\":[{\"@type\":\"WebPage\",\"@id\":\"https:\/\/termovent.pl\/b2b\/katalog\/chemia-instalacyjna\/redukcja-halasu-uszczelniacz-wyciekow\/sentinel-x200\/\",\"url\":\"https:\/\/termovent.pl\/b2b\/katalog\/chemia-instalacyjna\/redukcja-halasu-uszczelniacz-wyciekow\/sentinel-x200\/\",\"name\":\"Sentinel X200 - Grupa Termovent Sp. z o.o.\",\"isPartOf\":{\"@id\":\"https:\/\/termovent.pl\/b2b\/#website\"},\"primaryImageOfPage\":{\"@id\":\"https:\/\/termovent.pl\/b2b\/katalog\/chemia-instalacyjna\/redukcja-halasu-uszczelniacz-wyciekow\/sentinel-x200\/#primaryimage\"},\"image\":{\"@id\":\"https:\/\/termovent.pl\/b2b\/katalog\/chemia-instalacyjna\/redukcja-halasu-uszczelniacz-wyciekow\/sentinel-x200\/#primaryimage\"},\"thumbnailUrl\":\"https:\/\/termovent.pl\/b2b\/wp-content\/uploads\/2020\/09\/mockup_1_litre_sentinel_x200_noisereducer_ep1_2.png\",\"datePublished\":\"2020-09-03T21:44:50+00:00\",\"dateModified\":\"2026-02-16T19:14:03+00:00\",\"breadcrumb\":{\"@id\":\"https:\/\/termovent.pl\/b2b\/katalog\/chemia-instalacyjna\/redukcja-halasu-uszczelniacz-wyciekow\/sentinel-x200\/#breadcrumb\"},\"inLanguage\":\"pl-PL\",\"potentialAction\":[{\"@type\":\"ReadAction\",\"target\":[\"https:\/\/termovent.pl\/b2b\/katalog\/chemia-instalacyjna\/redukcja-halasu-uszczelniacz-wyciekow\/sentinel-x200\/\"]}]},{\"@type\":\"ImageObject\",\"inLanguage\":\"pl-PL\",\"@id\":\"https:\/\/termovent.pl\/b2b\/katalog\/chemia-instalacyjna\/redukcja-halasu-uszczelniacz-wyciekow\/sentinel-x200\/#primaryimage\",\"url\":\"https:\/\/termovent.pl\/b2b\/wp-content\/uploads\/2020\/09\/mockup_1_litre_sentinel_x200_noisereducer_ep1_2.png\",\"contentUrl\":\"https:\/\/termovent.pl\/b2b\/wp-content\/uploads\/2020\/09\/mockup_1_litre_sentinel_x200_noisereducer_ep1_2.png\",\"width\":1200,\"height\":1400},{\"@type\":\"BreadcrumbList\",\"@id\":\"https:\/\/termovent.pl\/b2b\/katalog\/chemia-instalacyjna\/redukcja-halasu-uszczelniacz-wyciekow\/sentinel-x200\/#breadcrumb\",\"itemListElement\":[{\"@type\":\"ListItem\",\"position\":1,\"name\":\"Strona g\u0142\u00f3wna\",\"item\":\"https:\/\/termovent.pl\/b2b\/\"},{\"@type\":\"ListItem\",\"position\":2,\"name\":\"Katalog\",\"item\":\"https:\/\/termovent.pl\/b2b\/katalog\/\"},{\"@type\":\"ListItem\",\"position\":3,\"name\":\"Sentinel X200\"}]},{\"@type\":\"WebSite\",\"@id\":\"https:\/\/termovent.pl\/b2b\/#website\",\"url\":\"https:\/\/termovent.pl\/b2b\/\",\"name\":\"Grupa Termovent Sp. z o.o.\",\"description\":\"PLATFORMA B2B\",\"publisher\":{\"@id\":\"https:\/\/termovent.pl\/b2b\/#organization\"},\"potentialAction\":[{\"@type\":\"SearchAction\",\"target\":{\"@type\":\"EntryPoint\",\"urlTemplate\":\"https:\/\/termovent.pl\/b2b\/?s={search_term_string}\"},\"query-input\":{\"@type\":\"PropertyValueSpecification\",\"valueRequired\":true,\"valueName\":\"search_term_string\"}}],\"inLanguage\":\"pl-PL\"},{\"@type\":\"Organization\",\"@id\":\"https:\/\/termovent.pl\/b2b\/#organization\",\"name\":\"GrupaTermovent\",\"url\":\"https:\/\/termovent.pl\/b2b\/\",\"logo\":{\"@type\":\"ImageObject\",\"inLanguage\":\"pl-PL\",\"@id\":\"https:\/\/termovent.pl\/b2b\/#\/schema\/logo\/image\/\",\"url\":\"https:\/\/termovent.pl\/b2b\/wp-content\/uploads\/2020\/08\/logo-termovent.png\",\"contentUrl\":\"https:\/\/termovent.pl\/b2b\/wp-content\/uploads\/2020\/08\/logo-termovent.png\",\"width\":401,\"height\":76,\"caption\":\"GrupaTermovent\"},\"image\":{\"@id\":\"https:\/\/termovent.pl\/b2b\/#\/schema\/logo\/image\/\"}}]}<\/script>\n<!-- \/ Yoast SEO plugin. -->","yoast_head_json":{"title":"Sentinel X200 - Grupa Termovent Sp. z o.o.","robots":{"index":"index","follow":"follow","max-snippet":"max-snippet:-1","max-image-preview":"max-image-preview:large","max-video-preview":"max-video-preview:-1"},"canonical":"https:\/\/termovent.pl\/b2b\/katalog\/chemia-instalacyjna\/redukcja-halasu-uszczelniacz-wyciekow\/sentinel-x200\/","og_locale":"pl_PL","og_type":"article","og_title":"Sentinel X200 - Grupa Termovent Sp. z o.o.","og_description":"Cel stosowania:  Sentinel X200 Noise Reducer to niekwasowy \u015brodek redukuj\u0105cy ha\u0142as towarzysz\u0105cy pracy kot\u0142a.  W uk\u0142adach instalacyjnych, kt\u00f3re zosta\u0142y nape\u0142nione wod\u0105 \u201ekranow\u0105\u201d bez jakichkolwiek \u015brodk\u00f3w zabezpieczaj\u0105cych prawie zawsze dochodzi do zakamienienia wymiennika kot\u0142a, czy innego \u017ar\u00f3d\u0142a ciep\u0142a. W takim przypadku warstwa kamienia na wymienniku zdecydowanie obni\u017ca sprawno\u015b\u0107 urz\u0105dzenia, ale te\u017c powoduje, \u017ce pomi\u0119dzy warstw\u0105 kamienia, a powierzchni\u0105 wymiennika dochodzi do przegrzewu wody i \u201ewybuch\u00f3w\u201d pary wodnej. To zjawisko jest s\u0142yszalne i brzmi jak trzeszczenie, strzelanie czego\u015b w kotle. Pomijaj\u0105c kwesti\u0119 wi\u0119kszego zu\u017cycia paliwa zjawisko to jest niebezpieczne dla konstrukcji wymiennika. Wybuchom pary wodnej towarzyszy zjawisko kawitacji. Struktura metalu w miejscu takich wybuch\u00f3w jest z czasem os\u0142abiona i podatna na korozj\u0119 w\u017cerow\u0105. W efekcie ko\u0144cowym p\u0142acimy wi\u0119ksze rachunki za ogrzewania, a na dok\u0142adk\u0119 z czasem mamy spore koszty zwi\u0105zane z wymian\u0105 wymiennika, kt\u00f3ry skorodowa\u0142.  Opakowanie i dozowanie:  X200 jest sprzedawany w kanistrach o pojemno\u015bci 1 litra.  W celu dodania \u015brodka do wody kot\u0142owej, trzeba doda\u0107 \u015brodek do wody podczas nape\u0142niania z\u0142adu, albo np. wla\u0107 do jednego grzejnika z kt\u00f3rego spuszczono tak\u0105 ilo\u015b\u0107 wody, \u017ceby zmie\u015bci\u0142 si\u0119 X200 w odpowiedniej ilo\u015bci.  1 litra \u015brodka X200 Noise Reducer wystarcza na zabezpieczenie instalacji o pojemno\u015bci 100 litr\u00f3w wody kot\u0142owej. ----------\u00a0 ci\u0105g dalszy opisu poni\u017cej\u00a0 ----------","og_url":"https:\/\/termovent.pl\/b2b\/katalog\/chemia-instalacyjna\/redukcja-halasu-uszczelniacz-wyciekow\/sentinel-x200\/","og_site_name":"Grupa Termovent Sp. z o.o.","article_modified_time":"2026-02-16T19:14:03+00:00","og_image":[{"width":1200,"height":1400,"url":"https:\/\/termovent.pl\/b2b\/wp-content\/uploads\/2020\/09\/mockup_1_litre_sentinel_x200_noisereducer_ep1_2.png","type":"image\/png"}],"twitter_card":"summary_large_image","twitter_misc":{"Szacowany czas czytania":"4 minuty"},"schema":{"@context":"https:\/\/schema.org","@graph":[{"@type":"WebPage","@id":"https:\/\/termovent.pl\/b2b\/katalog\/chemia-instalacyjna\/redukcja-halasu-uszczelniacz-wyciekow\/sentinel-x200\/","url":"https:\/\/termovent.pl\/b2b\/katalog\/chemia-instalacyjna\/redukcja-halasu-uszczelniacz-wyciekow\/sentinel-x200\/","name":"Sentinel X200 - Grupa Termovent Sp. z o.o.","isPartOf":{"@id":"https:\/\/termovent.pl\/b2b\/#website"},"primaryImageOfPage":{"@id":"https:\/\/termovent.pl\/b2b\/katalog\/chemia-instalacyjna\/redukcja-halasu-uszczelniacz-wyciekow\/sentinel-x200\/#primaryimage"},"image":{"@id":"https:\/\/termovent.pl\/b2b\/katalog\/chemia-instalacyjna\/redukcja-halasu-uszczelniacz-wyciekow\/sentinel-x200\/#primaryimage"},"thumbnailUrl":"https:\/\/termovent.pl\/b2b\/wp-content\/uploads\/2020\/09\/mockup_1_litre_sentinel_x200_noisereducer_ep1_2.png","datePublished":"2020-09-03T21:44:50+00:00","dateModified":"2026-02-16T19:14:03+00:00","breadcrumb":{"@id":"https:\/\/termovent.pl\/b2b\/katalog\/chemia-instalacyjna\/redukcja-halasu-uszczelniacz-wyciekow\/sentinel-x200\/#breadcrumb"},"inLanguage":"pl-PL","potentialAction":[{"@type":"ReadAction","target":["https:\/\/termovent.pl\/b2b\/katalog\/chemia-instalacyjna\/redukcja-halasu-uszczelniacz-wyciekow\/sentinel-x200\/"]}]},{"@type":"ImageObject","inLanguage":"pl-PL","@id":"https:\/\/termovent.pl\/b2b\/katalog\/chemia-instalacyjna\/redukcja-halasu-uszczelniacz-wyciekow\/sentinel-x200\/#primaryimage","url":"https:\/\/termovent.pl\/b2b\/wp-content\/uploads\/2020\/09\/mockup_1_litre_sentinel_x200_noisereducer_ep1_2.png","contentUrl":"https:\/\/termovent.pl\/b2b\/wp-content\/uploads\/2020\/09\/mockup_1_litre_sentinel_x200_noisereducer_ep1_2.png","width":1200,"height":1400},{"@type":"BreadcrumbList","@id":"https:\/\/termovent.pl\/b2b\/katalog\/chemia-instalacyjna\/redukcja-halasu-uszczelniacz-wyciekow\/sentinel-x200\/#breadcrumb","itemListElement":[{"@type":"ListItem","position":1,"name":"Strona g\u0142\u00f3wna","item":"https:\/\/termovent.pl\/b2b\/"},{"@type":"ListItem","position":2,"name":"Katalog","item":"https:\/\/termovent.pl\/b2b\/katalog\/"},{"@type":"ListItem","position":3,"name":"Sentinel X200"}]},{"@type":"WebSite","@id":"https:\/\/termovent.pl\/b2b\/#website","url":"https:\/\/termovent.pl\/b2b\/","name":"Grupa Termovent Sp. z o.o.","description":"PLATFORMA B2B","publisher":{"@id":"https:\/\/termovent.pl\/b2b\/#organization"},"potentialAction":[{"@type":"SearchAction","target":{"@type":"EntryPoint","urlTemplate":"https:\/\/termovent.pl\/b2b\/?s={search_term_string}"},"query-input":{"@type":"PropertyValueSpecification","valueRequired":true,"valueName":"search_term_string"}}],"inLanguage":"pl-PL"},{"@type":"Organization","@id":"https:\/\/termovent.pl\/b2b\/#organization","name":"GrupaTermovent","url":"https:\/\/termovent.pl\/b2b\/","logo":{"@type":"ImageObject","inLanguage":"pl-PL","@id":"https:\/\/termovent.pl\/b2b\/#\/schema\/logo\/image\/","url":"https:\/\/termovent.pl\/b2b\/wp-content\/uploads\/2020\/08\/logo-termovent.png","contentUrl":"https:\/\/termovent.pl\/b2b\/wp-content\/uploads\/2020\/08\/logo-termovent.png","width":401,"height":76,"caption":"GrupaTermovent"},"image":{"@id":"https:\/\/termovent.pl\/b2b\/#\/schema\/logo\/image\/"}}]}},"brands":[{"id":713,"name":"Sentinel","slug":"sentinel"}],"_links":{"self":[{"href":"https:\/\/termovent.pl\/b2b\/wp-json\/wp\/v2\/product\/3263","targetHints":{"allow":["GET"]}}],"collection":[{"href":"https:\/\/termovent.pl\/b2b\/wp-json\/wp\/v2\/product"}],"about":[{"href":"https:\/\/termovent.pl\/b2b\/wp-json\/wp\/v2\/types\/product"}],"wp:featuredmedia":[{"embeddable":true,"href":"https:\/\/termovent.pl\/b2b\/wp-json\/wp\/v2\/media\/3301"}],"wp:attachment":[{"href":"https:\/\/termovent.pl\/b2b\/wp-json\/wp\/v2\/media?parent=3263"}],"wp:term":[{"taxonomy":"pwb-brand","embeddable":true,"href":"https:\/\/termovent.pl\/b2b\/wp-json\/wp\/v2\/pwb-brand?post=3263"},{"taxonomy":"product_brand","embeddable":true,"href":"https:\/\/termovent.pl\/b2b\/wp-json\/wp\/v2\/product_brand?post=3263"},{"taxonomy":"product_cat","embeddable":true,"href":"https:\/\/termovent.pl\/b2b\/wp-json\/wp\/v2\/product_cat?post=3263"},{"taxonomy":"product_tag","embeddable":true,"href":"https:\/\/termovent.pl\/b2b\/wp-json\/wp\/v2\/product_tag?post=3263"}],"curies":[{"name":"wp","href":"https:\/\/api.w.org\/{rel}","templated":true}]}}